{"id":1798,"date":"2023-10-02T13:14:48","date_gmt":"2023-10-02T13:14:48","guid":{"rendered":"https:\/\/www.xn--schneesport-grchen-ytb.ch\/produkt\/chaussure-de-ski-garcon-6-ans\/"},"modified":"2024-10-10T09:17:14","modified_gmt":"2024-10-10T09:17:14","slug":"skischuh-boys-6","status":"publish","type":"product","link":"https:\/\/www.xn--schneesport-grchen-ytb.ch\/fr\/produkt\/skischuh-boys-6\/","title":{"rendered":"Chaussure de ski gar\u00e7on &lt; 6 ans"},"content":{"rendered":"<p>Location de chaussures de ski pour les jeunes jusqu'\u00e0 6 ans \u00e0 Gr\u00e4chen.<\/p>\n","protected":false},"excerpt":{"rendered":"<p>Location de chaussures de ski pour les jeunes jusqu'\u00e0 6 ans \u00e0 Gr\u00e4chen.<\/p>\n","protected":false},"featured_media":1180,"template":"","meta":{"inline_featured_image":false,"_uag_custom_page_level_css":""},"product_brand":[],"product_cat":[16],"product_tag":[],"class_list":{"0":"post-1798","1":"product","2":"type-product","3":"status-publish","4":"has-post-thumbnail","6":"product_cat-unkategorisiert","8":"first","9":"instock","10":"sale","11":"taxable","12":"shipping-taxable","13":"purchasable","14":"product-type-variable"},"uagb_featured_image_src":{"full":["https:\/\/www.xn--schneesport-grchen-ytb.ch\/wp-content\/uploads\/2023\/10\/skimiete-skischuhe-boys.webp",1300,1300,false],"thumbnail":["https:\/\/www.xn--schneesport-grchen-ytb.ch\/wp-content\/uploads\/2023\/10\/skimiete-skischuhe-boys-150x150.webp",150,150,true],"medium":["https:\/\/www.xn--schneesport-grchen-ytb.ch\/wp-content\/uploads\/2023\/10\/skimiete-skischuhe-boys-300x300.webp",300,300,true],"medium_large":["https:\/\/www.xn--schneesport-grchen-ytb.ch\/wp-content\/uploads\/2023\/10\/skimiete-skischuhe-boys-768x768.webp",768,768,true],"large":["https:\/\/www.xn--schneesport-grchen-ytb.ch\/wp-content\/uploads\/2023\/10\/skimiete-skischuhe-boys-1024x1024.webp",1024,1024,true],"1536x1536":["https:\/\/www.xn--schneesport-grchen-ytb.ch\/wp-content\/uploads\/2023\/10\/skimiete-skischuhe-boys.webp",1300,1300,false],"2048x2048":["https:\/\/www.xn--schneesport-grchen-ytb.ch\/wp-content\/uploads\/2023\/10\/skimiete-skischuhe-boys.webp",1300,1300,false],"woocommerce_thumbnail":["https:\/\/www.xn--schneesport-grchen-ytb.ch\/wp-content\/uploads\/2023\/10\/skimiete-skischuhe-boys-300x300.webp",300,300,true],"woocommerce_single":["https:\/\/www.xn--schneesport-grchen-ytb.ch\/wp-content\/uploads\/2023\/10\/skimiete-skischuhe-boys-600x600.webp",600,600,true],"woocommerce_gallery_thumbnail":["https:\/\/www.xn--schneesport-grchen-ytb.ch\/wp-content\/uploads\/2023\/10\/skimiete-skischuhe-boys-100x100.webp",100,100,true]},"uagb_author_info":{"display_name":"admin","author_link":"https:\/\/www.xn--schneesport-grchen-ytb.ch\/fr\/author\/"},"uagb_comment_info":0,"uagb_excerpt":"Location de chaussures de ski pour les jeunes jusqu'\u00e0 6 ans \u00e0 Gr\u00e4chen.","_links":{"self":[{"href":"https:\/\/www.xn--schneesport-grchen-ytb.ch\/fr\/wp-json\/wp\/v2\/product\/1798","targetHints":{"allow":["GET"]}}],"collection":[{"href":"https:\/\/www.xn--schneesport-grchen-ytb.ch\/fr\/wp-json\/wp\/v2\/product"}],"about":[{"href":"https:\/\/www.xn--schneesport-grchen-ytb.ch\/fr\/wp-json\/wp\/v2\/types\/product"}],"wp:featuredmedia":[{"embeddable":true,"href":"https:\/\/www.xn--schneesport-grchen-ytb.ch\/fr\/wp-json\/wp\/v2\/media\/1180"}],"wp:attachment":[{"href":"https:\/\/www.xn--schneesport-grchen-ytb.ch\/fr\/wp-json\/wp\/v2\/media?parent=1798"}],"wp:term":[{"taxonomy":"product_brand","embeddable":true,"href":"https:\/\/www.xn--schneesport-grchen-ytb.ch\/fr\/wp-json\/wp\/v2\/product_brand?post=1798"},{"taxonomy":"product_cat","embeddable":true,"href":"https:\/\/www.xn--schneesport-grchen-ytb.ch\/fr\/wp-json\/wp\/v2\/product_cat?post=1798"},{"taxonomy":"product_tag","embeddable":true,"href":"https:\/\/www.xn--schneesport-grchen-ytb.ch\/fr\/wp-json\/wp\/v2\/product_tag?post=1798"}],"curies":[{"name":"wp","href":"https:\/\/api.w.org\/{rel}","templated":true}]}}