{"id":1597,"date":"2023-09-28T13:31:20","date_gmt":"2023-09-28T13:31:20","guid":{"rendered":"https:\/\/www.xn--schneesport-grchen-ytb.ch\/produkt\/chaussure-de-ski-de-randonnee-homme\/"},"modified":"2024-10-10T09:38:19","modified_gmt":"2024-10-10T09:38:19","slug":"chaussures-de-ski-de-randonnee-hommes","status":"publish","type":"product","link":"https:\/\/www.xn--schneesport-grchen-ytb.ch\/fr\/produkt\/chaussures-de-ski-de-randonnee-hommes\/","title":{"rendered":"Chaussure de ski de randonn\u00e9e homme"},"content":{"rendered":"<p>Location de chaussures de ski de randonn\u00e9e hommes \u00e0 Gr\u00e4chen.<\/p>\n","protected":false},"excerpt":{"rendered":"<p>Location de chaussures de ski de randonn\u00e9e hommes \u00e0 Gr\u00e4chen.<\/p>\n","protected":false},"featured_media":1152,"template":"","meta":{"inline_featured_image":false,"_uag_custom_page_level_css":""},"product_brand":[],"product_cat":[16],"product_tag":[],"class_list":{"0":"post-1597","1":"product","2":"type-product","3":"status-publish","4":"has-post-thumbnail","6":"product_cat-unkategorisiert","8":"first","9":"instock","10":"sale","11":"taxable","12":"shipping-taxable","13":"purchasable","14":"product-type-variable"},"uagb_featured_image_src":{"full":["https:\/\/www.xn--schneesport-grchen-ytb.ch\/wp-content\/uploads\/2023\/09\/skimiete-tourenskischuh-herren.webp",1300,1300,false],"thumbnail":["https:\/\/www.xn--schneesport-grchen-ytb.ch\/wp-content\/uploads\/2023\/09\/skimiete-tourenskischuh-herren-150x150.webp",150,150,true],"medium":["https:\/\/www.xn--schneesport-grchen-ytb.ch\/wp-content\/uploads\/2023\/09\/skimiete-tourenskischuh-herren-300x300.webp",300,300,true],"medium_large":["https:\/\/www.xn--schneesport-grchen-ytb.ch\/wp-content\/uploads\/2023\/09\/skimiete-tourenskischuh-herren-768x768.webp",768,768,true],"large":["https:\/\/www.xn--schneesport-grchen-ytb.ch\/wp-content\/uploads\/2023\/09\/skimiete-tourenskischuh-herren-1024x1024.webp",1024,1024,true],"1536x1536":["https:\/\/www.xn--schneesport-grchen-ytb.ch\/wp-content\/uploads\/2023\/09\/skimiete-tourenskischuh-herren.webp",1300,1300,false],"2048x2048":["https:\/\/www.xn--schneesport-grchen-ytb.ch\/wp-content\/uploads\/2023\/09\/skimiete-tourenskischuh-herren.webp",1300,1300,false],"woocommerce_thumbnail":["https:\/\/www.xn--schneesport-grchen-ytb.ch\/wp-content\/uploads\/2023\/09\/skimiete-tourenskischuh-herren-300x300.webp",300,300,true],"woocommerce_single":["https:\/\/www.xn--schneesport-grchen-ytb.ch\/wp-content\/uploads\/2023\/09\/skimiete-tourenskischuh-herren-600x600.webp",600,600,true],"woocommerce_gallery_thumbnail":["https:\/\/www.xn--schneesport-grchen-ytb.ch\/wp-content\/uploads\/2023\/09\/skimiete-tourenskischuh-herren-100x100.webp",100,100,true]},"uagb_author_info":{"display_name":"admin","author_link":"https:\/\/www.xn--schneesport-grchen-ytb.ch\/fr\/author\/"},"uagb_comment_info":0,"uagb_excerpt":"Location de chaussures de ski de randonn\u00e9e hommes \u00e0 Gr\u00e4chen.","_links":{"self":[{"href":"https:\/\/www.xn--schneesport-grchen-ytb.ch\/fr\/wp-json\/wp\/v2\/product\/1597","targetHints":{"allow":["GET"]}}],"collection":[{"href":"https:\/\/www.xn--schneesport-grchen-ytb.ch\/fr\/wp-json\/wp\/v2\/product"}],"about":[{"href":"https:\/\/www.xn--schneesport-grchen-ytb.ch\/fr\/wp-json\/wp\/v2\/types\/product"}],"wp:featuredmedia":[{"embeddable":true,"href":"https:\/\/www.xn--schneesport-grchen-ytb.ch\/fr\/wp-json\/wp\/v2\/media\/1152"}],"wp:attachment":[{"href":"https:\/\/www.xn--schneesport-grchen-ytb.ch\/fr\/wp-json\/wp\/v2\/media?parent=1597"}],"wp:term":[{"taxonomy":"product_brand","embeddable":true,"href":"https:\/\/www.xn--schneesport-grchen-ytb.ch\/fr\/wp-json\/wp\/v2\/product_brand?post=1597"},{"taxonomy":"product_cat","embeddable":true,"href":"https:\/\/www.xn--schneesport-grchen-ytb.ch\/fr\/wp-json\/wp\/v2\/product_cat?post=1597"},{"taxonomy":"product_tag","embeddable":true,"href":"https:\/\/www.xn--schneesport-grchen-ytb.ch\/fr\/wp-json\/wp\/v2\/product_tag?post=1597"}],"curies":[{"name":"wp","href":"https:\/\/api.w.org\/{rel}","templated":true}]}}