{"id":1293,"date":"2023-11-07T16:22:54","date_gmt":"2023-11-07T16:22:54","guid":{"rendered":"https:\/\/www.xn--schneesport-grchen-ytb.ch\/mentions-legales\/"},"modified":"2025-09-23T14:45:18","modified_gmt":"2025-09-23T14:45:18","slug":"mentions-legales","status":"publish","type":"page","link":"https:\/\/www.xn--schneesport-grchen-ytb.ch\/fr\/mentions-legales\/","title":{"rendered":"Mentions l\u00e9gales"},"content":{"rendered":"\n<div class=\"wp-block-uagb-container uagb-block-3af4e241 alignfull uagb-is-root-container\"><div class=\"uagb-container-inner-blocks-wrap\">\n<h1 class=\"wp-block-heading\">Mentions l\u00e9gales<\/h1>\n\n\n\n<p><strong>Instance responsable :<\/strong><br\/>\u00c9cole de sports de neige de Gr\u00e4chen\/St. Niklaus, Fux &amp; Co.<br\/>Dorfstrasse 190<br\/>3925 Gr\u00e4chen<br\/>Suisse<br\/><strong>E-mail<\/strong>: <a href=\"\/nachricht.php\">info [at] zenklusensport.ch<\/a><br\/><br\/><strong>Personnes autoris\u00e9es \u00e0 repr\u00e9senter l'<\/strong>entreprise<br\/>Jennifer Maria Fux-Zenklusen,<br\/>Ruben Fux<br\/><br\/><strong>Nom de l'entreprise<\/strong>: \u00c9cole de sports de neige de Gr\u00e4chen\/St. Niklaus, Fux &amp; Co.<br\/><strong>Registrationsnummer<\/strong>: CH-600.2.008.488-8<br\/><strong>Num\u00e9ro d'identification de la taxe sur le chiffre d'affaires<\/strong>: CH-600.2.008.488-8 TVA<br\/><br\/><strong>Clause de non-responsabilit\u00e9<\/strong><br\/>L'auteur ne garantit pas la v\u00e9racit\u00e9, l'exactitude, l'actualit\u00e9, la fiabilit\u00e9 et l'exhaustivit\u00e9 des informations.<br\/>L'auteur ne saurait \u00eatre tenu responsable des dommages mat\u00e9riels ou immat\u00e9riels qui pourraient \u00eatre caus\u00e9s par l'acc\u00e8s aux informations diffus\u00e9es ou par leur utilisation ou non-utilisation, par le mauvais usage de la connexion ou par des probl\u00e8mes techniques.<br\/><br\/>Toutes les offres sont sans engagement. L'auteur se r\u00e9serve express\u00e9ment le droit de modifier, de compl\u00e9ter ou de supprimer des parties de pages ou l'ensemble de l'offre sans avis pr\u00e9alable, ou d'en suspendre temporairement ou d\u00e9finitivement la publication.<br\/><br\/><strong>Clause de non-responsabilit\u00e9 pour les contenus et les liens<\/strong><br\/>Les r\u00e9f\u00e9rences et les liens vers des sites Web de tiers ne rel\u00e8vent pas de notre responsabilit\u00e9. Nous d\u00e9clinons toute responsabilit\u00e9 pour de tels sites. L'acc\u00e8s \u00e0 de tels sites et leur utilisation se font aux risques et p\u00e9rils de l'utilisateur concern\u00e9.<br\/><br\/><strong>D\u00e9claration de droits d'auteur<\/strong><br\/>Les droits d'auteur et tous les autres droits li\u00e9s aux contenus, images, photos ou autres fichiers pr\u00e9sents sur ce site Internet sont la propri\u00e9t\u00e9 exclusive de l'\u00e9cole de sports de neige de Gr\u00e4chen\/St. Niklaus, Fux &amp; Co. ou les d\u00e9tenteurs de droits sp\u00e9cialement cit\u00e9s. Pour la reproduction de tout \u00e9l\u00e9ment, l'accord \u00e9crit du d\u00e9tenteur des droits d'auteur doit \u00eatre obtenu au pr\u00e9alable.<br\/><br\/><strong>Source<\/strong>: <a href=\"https:\/\/brainbox.swiss\/\" target=\"_blank\" rel=\"noopener\">BrainBox Solutions<\/a><\/p>\n\n\n\n<div style=\"height:50px\" aria-hidden=\"true\" class=\"wp-block-spacer\"><\/div>\n\n\n\n<h3 class=\"wp-block-heading\"><a href=\"https:\/\/www.augensaft.com\" target=\"_blank\" rel=\"noopener\">webdesign du Haut-Valais : augensaft.com<\/a><\/h3>\n<\/div><\/div>\n","protected":false},"excerpt":{"rendered":"<p>Mentions l\u00e9gales Instance responsable :\u00c9cole de sports de neige de Gr\u00e4chen\/St. Niklaus, Fux &amp; Co.Dorfstrasse 1903925 Gr\u00e4chenSuisseE-mail: info [at] zenklusensport.ch Personnes autoris\u00e9es \u00e0 repr\u00e9senter l'entrepriseJennifer Maria Fux-Zenklusen,Ruben Fux Nom de l'entreprise: \u00c9cole de sports de neige de Gr\u00e4chen\/St. Niklaus, Fux &amp; Co.Registrationsnummer: CH-600.2.008.488-8Num\u00e9ro d'identification de la taxe sur le chiffre d'affaires: CH-600.2.008.488-8 TVA Clause de [&hellip;]<\/p>\n","protected":false},"author":1,"featured_media":0,"parent":0,"menu_order":0,"comment_status":"closed","ping_status":"closed","template":"","meta":{"inline_featured_image":false,"_uag_custom_page_level_css":"","footnotes":""},"class_list":["post-1293","page","type-page","status-publish","hentry"],"uagb_featured_image_src":{"full":false,"thumbnail":false,"medium":false,"medium_large":false,"large":false,"1536x1536":false,"2048x2048":false,"woocommerce_thumbnail":false,"woocommerce_single":false,"woocommerce_gallery_thumbnail":false},"uagb_author_info":{"display_name":"admin","author_link":"https:\/\/www.xn--schneesport-grchen-ytb.ch\/fr\/author\/adminischzenspo\/"},"uagb_comment_info":0,"uagb_excerpt":"Mentions l\u00e9gales Instance responsable :\u00c9cole de sports de neige de Gr\u00e4chen\/St. Niklaus, Fux &amp; Co.Dorfstrasse 1903925 Gr\u00e4chenSuisseE-mail: info [at] zenklusensport.ch Personnes autoris\u00e9es \u00e0 repr\u00e9senter l'entrepriseJennifer Maria Fux-Zenklusen,Ruben Fux Nom de l'entreprise: \u00c9cole de sports de neige de Gr\u00e4chen\/St. Niklaus, Fux &amp; Co.Registrationsnummer: CH-600.2.008.488-8Num\u00e9ro d'identification de la taxe sur le chiffre d'affaires: CH-600.2.008.488-8 TVA Clause de\u2026","_links":{"self":[{"href":"https:\/\/www.xn--schneesport-grchen-ytb.ch\/fr\/wp-json\/wp\/v2\/pages\/1293","targetHints":{"allow":["GET"]}}],"collection":[{"href":"https:\/\/www.xn--schneesport-grchen-ytb.ch\/fr\/wp-json\/wp\/v2\/pages"}],"about":[{"href":"https:\/\/www.xn--schneesport-grchen-ytb.ch\/fr\/wp-json\/wp\/v2\/types\/page"}],"author":[{"embeddable":true,"href":"https:\/\/www.xn--schneesport-grchen-ytb.ch\/fr\/wp-json\/wp\/v2\/users\/1"}],"replies":[{"embeddable":true,"href":"https:\/\/www.xn--schneesport-grchen-ytb.ch\/fr\/wp-json\/wp\/v2\/comments?post=1293"}],"version-history":[{"count":11,"href":"https:\/\/www.xn--schneesport-grchen-ytb.ch\/fr\/wp-json\/wp\/v2\/pages\/1293\/revisions"}],"predecessor-version":[{"id":4790,"href":"https:\/\/www.xn--schneesport-grchen-ytb.ch\/fr\/wp-json\/wp\/v2\/pages\/1293\/revisions\/4790"}],"wp:attachment":[{"href":"https:\/\/www.xn--schneesport-grchen-ytb.ch\/fr\/wp-json\/wp\/v2\/media?parent=1293"}],"curies":[{"name":"wp","href":"https:\/\/api.w.org\/{rel}","templated":true}]}}