{"id":1267,"date":"2023-09-29T08:38:17","date_gmt":"2023-09-29T08:38:17","guid":{"rendered":"https:\/\/www.xn--schneesport-grchen-ytb.ch\/ecole-de-ski-et-de-snowboard\/"},"modified":"2026-02-10T08:40:57","modified_gmt":"2026-02-10T08:40:57","slug":"ecole-de-ski-et-de-snowboard","status":"publish","type":"page","link":"https:\/\/www.xn--schneesport-grchen-ytb.ch\/fr\/ecole-de-ski-et-de-snowboard\/","title":{"rendered":"\u00c9cole de ski et de snowboard"},"content":{"rendered":"\n<div class=\"wp-block-uagb-container herounder uagb-block-002ff2d7 alignfull uagb-is-root-container\"><div class=\"uagb-container-inner-blocks-wrap\">\n<div class=\"wp-block-uagb-container uagb-block-43893897\">\n<h1 class=\"wp-block-heading\">\u00c9cole de ski et de snowboard \u00e0 Gr\u00e4chen<\/h1>\n\n\n\n<p>Bienvenue \u00e0 l'<strong>\u00e9cole de ski<\/strong> et <strong>de snowboard<\/strong> de <strong>Gr\u00e4chen<\/strong>, o\u00f9 nous vous aidons \u00e0 apprendre \u00e0 skier ou \u00e0 faire du snowboard, ou \u00e0 am\u00e9liorer vos comp\u00e9tences. Nos professeurs de sports de neige professionnels proposent des cours en groupe ou des cours particuliers pour tous les \u00e2ges et tous les niveaux. <\/p>\n<\/div>\n\n\n\n<div class=\"wp-block-uagb-container uagb-block-c46507f7\"><\/div>\n<\/div><\/div>\n\n<div class=\"wp-block-uagb-container uagb-block-9586d282 alignfull uagb-is-root-container\"><div class=\"uagb-container-inner-blocks-wrap\">\n<div class=\"wp-block-uagb-container uagb-block-195e8ddf\">\n<figure class=\"wp-block-image size-large\"><img loading=\"lazy\" decoding=\"async\" width=\"1024\" height=\"1024\" src=\"https:\/\/www.xn--schneesport-grchen-ytb.ch\/wp-content\/uploads\/2023\/09\/gruppenunterricht-schneesportschule-graechen-1024x1024.webp\" alt=\"&#xC9;cole de ski Cours collectifs &#xE0; Gr&#xE4;chen\" class=\"wp-image-668\" srcset=\"https:\/\/www.xn--schneesport-grchen-ytb.ch\/wp-content\/uploads\/2023\/09\/gruppenunterricht-schneesportschule-graechen-1024x1024.webp 1024w, https:\/\/www.xn--schneesport-grchen-ytb.ch\/wp-content\/uploads\/2023\/09\/gruppenunterricht-schneesportschule-graechen-300x300.webp 300w, https:\/\/www.xn--schneesport-grchen-ytb.ch\/wp-content\/uploads\/2023\/09\/gruppenunterricht-schneesportschule-graechen-150x150.webp 150w, https:\/\/www.xn--schneesport-grchen-ytb.ch\/wp-content\/uploads\/2023\/09\/gruppenunterricht-schneesportschule-graechen-768x768.webp 768w, https:\/\/www.xn--schneesport-grchen-ytb.ch\/wp-content\/uploads\/2023\/09\/gruppenunterricht-schneesportschule-graechen-1536x1536.webp 1536w, https:\/\/www.xn--schneesport-grchen-ytb.ch\/wp-content\/uploads\/2023\/09\/gruppenunterricht-schneesportschule-graechen-600x600.webp 600w, https:\/\/www.xn--schneesport-grchen-ytb.ch\/wp-content\/uploads\/2023\/09\/gruppenunterricht-schneesportschule-graechen-100x100.webp 100w, https:\/\/www.xn--schneesport-grchen-ytb.ch\/wp-content\/uploads\/2023\/09\/gruppenunterricht-schneesportschule-graechen.webp 1540w\" sizes=\"auto, (max-width: 1024px) 100vw, 1024px\" \/><\/figure>\n<\/div>\n\n\n\n<div class=\"wp-block-uagb-container animated fadeInBottomRight uagb-block-b64f86aa\">\n<h2 class=\"wp-block-heading has-text-color\" style=\"color:#aa191e\">Cours collectifs pour enfants et adultes<\/h2>\n\n\n\n<p>Dans notre <strong>\u00e9cole de ski<\/strong> \u00e0 <strong>Gr\u00e4chen<\/strong>, nous garantissons un maximum de 6 personnes par groupe. Ainsi, chaque participant re\u00e7oit l'attention individuelle dont il a besoin pour progresser rapidement. <\/p>\n\n\n\n<ul class=\"wp-block-list\">\n<li>10:00 - 12:00 matin CHF 225.00<\/li>\n\n\n\n<li>12:00 - 14:00 Midi CHF 225.00<\/li>\n<\/ul>\n\n\n\n<p>Tarif pour 5 x 2 heures incl. Pause bob, course finale, m\u00e9daille et remise de dipl\u00f4me (test) pour les enfants \u00e0 partir de 4 ans ou les adultes.<\/p>\n\n\n\n<p><strong>Maximum<\/strong> garanti <strong>de 6 personnes<\/strong> par groupe.<\/p>\n\n\n\n<p>Taille du groupe : au moins 4 personnes.<\/p>\n\n\n\n<div class=\"wp-block-buttons is-layout-flex wp-block-buttons-is-layout-flex\">\n<div class=\"wp-block-button\"><a class=\"wp-block-button__link wp-element-button\" href=\"https:\/\/zenklusen.booking-sport.ch\/de\/products\" style=\"border-radius:3px\" target=\"_blank\" rel=\"noreferrer noopener\">R\u00e9server maintenant<\/a><\/div>\n<\/div>\n<\/div>\n<\/div><\/div>\n\n<div class=\"wp-block-uagb-container hgred uagb-block-a6188a77 alignfull uagb-is-root-container\"><div class=\"uagb-container-inner-blocks-wrap\">\n<div class=\"wp-block-uagb-container animated fadeInBottomLeft uagb-block-37ac406b\">\n<h2 class=\"wp-block-heading has-text-color\" style=\"color:#aa191e\">Enfants de 2\u00bd \u00e0 4 ans<\/h2>\n\n\n\n<p>Pour les plus petits, nous proposons le jardin des neiges Bobi's. Ici, les enfants apprennent dans un environnement ludique et s'amusent beaucoup ! <\/p>\n\n\n\n<ul class=\"wp-block-list\">\n<li>10:00 - 11:30 matin CHF 185.00<\/li>\n\n\n\n<li>12:00 - 13:30 D\u00e9jeuner CHF 185.00<\/li>\n<\/ul>\n\n\n\n<p>Utilisation gratuite des remont\u00e9es m\u00e9caniques pour les enfants de moins de 6 ans.<\/p>\n\n\n\n<div class=\"wp-block-buttons is-layout-flex wp-block-buttons-is-layout-flex\">\n<div class=\"wp-block-button\"><a class=\"wp-block-button__link wp-element-button\" href=\"https:\/\/zenklusen.booking-sport.ch\/de\/products\" style=\"border-radius:3px\" target=\"_blank\" rel=\"noreferrer noopener\">R\u00e9server maintenant<\/a><\/div>\n<\/div>\n<\/div>\n\n\n\n<div class=\"wp-block-uagb-container animated fadeInBottomRight uagb-block-cf7b7dbb\">\n<figure class=\"wp-block-image size-large\"><img loading=\"lazy\" decoding=\"async\" width=\"1024\" height=\"1024\" src=\"https:\/\/www.xn--schneesport-grchen-ytb.ch\/wp-content\/uploads\/2023\/09\/bobis-schneekindergarten-skischule-kleinkinder-1024x1024.webp\" alt=\"&#xC9;cole de ski pour les petits enfants au jardin des neiges Bobi's &#xE0; Gr&#xE4;chen\" class=\"wp-image-672\" srcset=\"https:\/\/www.xn--schneesport-grchen-ytb.ch\/wp-content\/uploads\/2023\/09\/bobis-schneekindergarten-skischule-kleinkinder-1024x1024.webp 1024w, https:\/\/www.xn--schneesport-grchen-ytb.ch\/wp-content\/uploads\/2023\/09\/bobis-schneekindergarten-skischule-kleinkinder-300x300.webp 300w, https:\/\/www.xn--schneesport-grchen-ytb.ch\/wp-content\/uploads\/2023\/09\/bobis-schneekindergarten-skischule-kleinkinder-150x150.webp 150w, https:\/\/www.xn--schneesport-grchen-ytb.ch\/wp-content\/uploads\/2023\/09\/bobis-schneekindergarten-skischule-kleinkinder-768x768.webp 768w, https:\/\/www.xn--schneesport-grchen-ytb.ch\/wp-content\/uploads\/2023\/09\/bobis-schneekindergarten-skischule-kleinkinder-1536x1536.webp 1536w, https:\/\/www.xn--schneesport-grchen-ytb.ch\/wp-content\/uploads\/2023\/09\/bobis-schneekindergarten-skischule-kleinkinder-600x600.webp 600w, https:\/\/www.xn--schneesport-grchen-ytb.ch\/wp-content\/uploads\/2023\/09\/bobis-schneekindergarten-skischule-kleinkinder-100x100.webp 100w, https:\/\/www.xn--schneesport-grchen-ytb.ch\/wp-content\/uploads\/2023\/09\/bobis-schneekindergarten-skischule-kleinkinder.webp 1540w\" sizes=\"auto, (max-width: 1024px) 100vw, 1024px\" \/><\/figure>\n<\/div>\n<\/div><\/div>\n\n<div class=\"wp-block-uagb-container uagb-block-3a4171c9 alignfull uagb-is-root-container\"><div class=\"uagb-container-inner-blocks-wrap\">\n<div class=\"wp-block-uagb-container animated fadeInBottomLeft uagb-block-a92acd54\">\n<figure class=\"wp-block-image size-large\"><img loading=\"lazy\" decoding=\"async\" width=\"1024\" height=\"1024\" src=\"https:\/\/www.xn--schneesport-grchen-ytb.ch\/wp-content\/uploads\/2023\/09\/privatunterricht-snowboard-ski-graechen-1024x1024.webp\" alt=\"Cours particuliers de snowboard et de ski &#xE0; Gr&#xE4;chen\" class=\"wp-image-673\" srcset=\"https:\/\/www.xn--schneesport-grchen-ytb.ch\/wp-content\/uploads\/2023\/09\/privatunterricht-snowboard-ski-graechen-1024x1024.webp 1024w, https:\/\/www.xn--schneesport-grchen-ytb.ch\/wp-content\/uploads\/2023\/09\/privatunterricht-snowboard-ski-graechen-300x300.webp 300w, https:\/\/www.xn--schneesport-grchen-ytb.ch\/wp-content\/uploads\/2023\/09\/privatunterricht-snowboard-ski-graechen-150x150.webp 150w, https:\/\/www.xn--schneesport-grchen-ytb.ch\/wp-content\/uploads\/2023\/09\/privatunterricht-snowboard-ski-graechen-768x768.webp 768w, https:\/\/www.xn--schneesport-grchen-ytb.ch\/wp-content\/uploads\/2023\/09\/privatunterricht-snowboard-ski-graechen-1536x1536.webp 1536w, https:\/\/www.xn--schneesport-grchen-ytb.ch\/wp-content\/uploads\/2023\/09\/privatunterricht-snowboard-ski-graechen-600x600.webp 600w, https:\/\/www.xn--schneesport-grchen-ytb.ch\/wp-content\/uploads\/2023\/09\/privatunterricht-snowboard-ski-graechen-100x100.webp 100w, https:\/\/www.xn--schneesport-grchen-ytb.ch\/wp-content\/uploads\/2023\/09\/privatunterricht-snowboard-ski-graechen.webp 1540w\" sizes=\"auto, (max-width: 1024px) 100vw, 1024px\" \/><\/figure>\n<\/div>\n\n\n\n<div class=\"wp-block-uagb-container animated fadeInBottomRight uagb-block-dd22cd30\">\n<h2 class=\"wp-block-heading has-text-color\" style=\"color:#aa191e\">Cours particuliers \u00e0 Gr\u00e4chen<\/h2>\n\n\n\n<p>Si vous pr\u00e9f\u00e9rez une attention plus personnalis\u00e9e, nos cours priv\u00e9s sont faits pour vous. Que vous soyez d\u00e9butant ou que vous souhaitiez perfectionner votre technique, nos professeurs exp\u00e9riment\u00e9s sont l\u00e0 pour vous aider. <\/p>\n\n\n\n<ul class=\"wp-block-list\">\n<li>55 minutes 70.00<\/li>\n\n\n\n<li>115 minutes CHF 140.00<\/li>\n\n\n\n<li>+ 1 personne CHF 10.00 par heure (max. 4 personnes)<\/li>\n<\/ul>\n\n\n\n<p><strong>Bobi's Le\u00e7on d'essai<\/strong><br\/>R\u00e9servable pour les enfants de 2\u00bd \u00e0 4 ans pour CHF 60.00<\/p>\n\n\n\n<p><strong>Offre d'essai le dimanche apr\u00e8s-midi<\/strong><br\/>R\u00e9servable jusqu'\u00e0 16 ans pour CHF 60.00<\/p>\n\n\n\n<div class=\"wp-block-buttons is-layout-flex wp-block-buttons-is-layout-flex\">\n<div class=\"wp-block-button\"><a class=\"wp-block-button__link wp-element-button\" href=\"https:\/\/zenklusen.booking-sport.ch\/de\/products\" style=\"border-radius:3px\" target=\"_blank\" rel=\"noreferrer noopener\">R\u00e9server maintenant<\/a><\/div>\n<\/div>\n<\/div>\n<\/div><\/div>\n\n<div class=\"wp-block-uagb-container hgred uagb-block-4f4be0d7 alignfull uagb-is-root-container\"><div class=\"uagb-container-inner-blocks-wrap\">\n<div class=\"wp-block-uagb-container animated fadeInBottomLeft uagb-block-b5bf7855\">\n<h2 class=\"wp-block-heading has-text-color\" style=\"color:#aa191e\">Plus qu'une \u00e9cole de ski et de snowboard<\/h2>\n\n\n\n<p>Votre \u00e9cole de ski et de snowboard \u00e0 Gr\u00e4chen se caract\u00e9rise par des professeurs d\u00e9vou\u00e9s et bien form\u00e9s qui s'assurent que vous tirez le meilleur parti de vos le\u00e7ons. Bien entendu, le plaisir ne doit pas \u00eatre absent.<\/p>\n\n\n\n<div style=\"height:20px\" aria-hidden=\"true\" class=\"wp-block-spacer\"><\/div>\n\n\n\n<div class=\"wp-block-buttons is-layout-flex wp-block-buttons-is-layout-flex\">\n<div class=\"wp-block-button\"><a class=\"wp-block-button__link wp-element-button\" href=\"https:\/\/zenklusen.booking-sport.ch\/de\/products\" style=\"border-radius:3px\" target=\"_blank\" rel=\"noreferrer noopener\">R\u00e9server maintenant<\/a><\/div>\n<\/div>\n<\/div>\n\n\n\n<div class=\"wp-block-uagb-container animated fadeInBottomRight uagb-block-b2c8fb96\">\n<figure class=\"wp-block-video\"><video height=\"540\" style=\"aspect-ratio: 960 \/ 540;\" width=\"960\" controls=\"\" src=\"https:\/\/www.xn--schneesport-grchen-ytb.ch\/wp-content\/uploads\/2023\/09\/Schneesportschule-Graechen-960px.mp4\"><\/video><\/figure>\n<\/div>\n<\/div><\/div>\n\n<div class=\"wp-block-uagb-container uagb-block-1a20ebee alignfull uagb-is-root-container\"><div class=\"uagb-container-inner-blocks-wrap\">\n<div class=\"wp-block-uagb-container animated fadeInBottomLeft uagb-block-6afab054\">\n<figure class=\"wp-block-image size-large\"><img loading=\"lazy\" decoding=\"async\" width=\"1024\" height=\"1024\" src=\"https:\/\/www.xn--schneesport-grchen-ytb.ch\/wp-content\/uploads\/2023\/10\/gruppenfoto-ski-snowboard-schule-graechen-1024x1024.webp\" alt=\"L'&#xE9;quipe de l'&#xE9;cole de ski et de snowboard de Gr&#xE4;chen\" class=\"wp-image-832\" srcset=\"https:\/\/www.xn--schneesport-grchen-ytb.ch\/wp-content\/uploads\/2023\/10\/gruppenfoto-ski-snowboard-schule-graechen-1024x1024.webp 1024w, https:\/\/www.xn--schneesport-grchen-ytb.ch\/wp-content\/uploads\/2023\/10\/gruppenfoto-ski-snowboard-schule-graechen-300x300.webp 300w, https:\/\/www.xn--schneesport-grchen-ytb.ch\/wp-content\/uploads\/2023\/10\/gruppenfoto-ski-snowboard-schule-graechen-150x150.webp 150w, https:\/\/www.xn--schneesport-grchen-ytb.ch\/wp-content\/uploads\/2023\/10\/gruppenfoto-ski-snowboard-schule-graechen-768x768.webp 768w, https:\/\/www.xn--schneesport-grchen-ytb.ch\/wp-content\/uploads\/2023\/10\/gruppenfoto-ski-snowboard-schule-graechen-1536x1536.webp 1536w, https:\/\/www.xn--schneesport-grchen-ytb.ch\/wp-content\/uploads\/2023\/10\/gruppenfoto-ski-snowboard-schule-graechen-600x600.webp 600w, https:\/\/www.xn--schneesport-grchen-ytb.ch\/wp-content\/uploads\/2023\/10\/gruppenfoto-ski-snowboard-schule-graechen-100x100.webp 100w, https:\/\/www.xn--schneesport-grchen-ytb.ch\/wp-content\/uploads\/2023\/10\/gruppenfoto-ski-snowboard-schule-graechen.webp 1540w\" sizes=\"auto, (max-width: 1024px) 100vw, 1024px\" \/><\/figure>\n<\/div>\n\n\n\n<div class=\"wp-block-uagb-container animated fadeInBottomRight uagb-block-85279880\">\n<h2 class=\"wp-block-heading has-text-color\" style=\"color:#aa191e\">\u00c9quipe<\/h2>\n\n\n\n<p>En savoir plus sur nous. \u00c9cole de ski, \u00e9cole de snowboard, magasin de sport, mode et accessoires.<\/p>\n\n\n\n<div class=\"wp-block-buttons is-layout-flex wp-block-buttons-is-layout-flex\">\n<div class=\"wp-block-button\"><a class=\"wp-block-button__link wp-element-button\" href=\"https:\/\/www.xn--schneesport-grchen-ytb.ch\/fr\/lequipe-de-lecole-de-ski-et-du-magasin-de-sport\/\" style=\"border-radius:3px\">\u00c9quipe<\/a><\/div>\n<\/div>\n<\/div>\n<\/div><\/div>\n\n<div class=\"wp-block-uagb-container hgred uagb-block-05e4b551 alignfull uagb-is-root-container\"><div class=\"uagb-container-inner-blocks-wrap\">\n<div class=\"wp-block-uagb-container animated fadeInBottomLeft uagb-block-8b7d3ad9\">\n<h2 class=\"wp-block-heading has-text-color\" style=\"color:#aa191e\">Classements<\/h2>\n\n\n\n<p>Slalom g\u00e9ant au Paradiesli<\/p>\n\n\n\n<div class=\"wp-block-buttons is-layout-flex wp-block-buttons-is-layout-flex\">\n<div class=\"wp-block-button\"><a class=\"wp-block-button__link wp-element-button\" href=\"\/div\/ranglisten\/\" style=\"border-radius:3px\">Classements<\/a><\/div>\n<\/div>\n<\/div>\n\n\n\n<div class=\"wp-block-uagb-container animated fadeInBottomRight uagb-block-7f13c865\">\n<figure class=\"wp-block-image size-large\"><img loading=\"lazy\" decoding=\"async\" width=\"1024\" height=\"1024\" src=\"https:\/\/www.xn--schneesport-grchen-ytb.ch\/wp-content\/uploads\/2024\/02\/riesenslalom-rennen-paradiesli-1024x1024.webp\" alt=\"Slalom g&#xE9;ant Paradiesli Gr&#xE4;chen &#xC9;cole de ski\" class=\"wp-image-2272\" srcset=\"https:\/\/www.xn--schneesport-grchen-ytb.ch\/wp-content\/uploads\/2024\/02\/riesenslalom-rennen-paradiesli-1024x1024.webp 1024w, https:\/\/www.xn--schneesport-grchen-ytb.ch\/wp-content\/uploads\/2024\/02\/riesenslalom-rennen-paradiesli-300x300.webp 300w, https:\/\/www.xn--schneesport-grchen-ytb.ch\/wp-content\/uploads\/2024\/02\/riesenslalom-rennen-paradiesli-150x150.webp 150w, https:\/\/www.xn--schneesport-grchen-ytb.ch\/wp-content\/uploads\/2024\/02\/riesenslalom-rennen-paradiesli-768x768.webp 768w, https:\/\/www.xn--schneesport-grchen-ytb.ch\/wp-content\/uploads\/2024\/02\/riesenslalom-rennen-paradiesli-1536x1536.webp 1536w, https:\/\/www.xn--schneesport-grchen-ytb.ch\/wp-content\/uploads\/2024\/02\/riesenslalom-rennen-paradiesli-600x600.webp 600w, https:\/\/www.xn--schneesport-grchen-ytb.ch\/wp-content\/uploads\/2024\/02\/riesenslalom-rennen-paradiesli-100x100.webp 100w, https:\/\/www.xn--schneesport-grchen-ytb.ch\/wp-content\/uploads\/2024\/02\/riesenslalom-rennen-paradiesli.webp 1540w\" sizes=\"auto, (max-width: 1024px) 100vw, 1024px\" \/><\/figure>\n<\/div>\n<\/div><\/div>\n","protected":false},"excerpt":{"rendered":"<p>\u00c9cole de ski et de snowboard \u00e0 Gr\u00e4chen Bienvenue \u00e0 l'\u00e9cole de ski et de snowboard de Gr\u00e4chen, o\u00f9 nous vous aidons \u00e0 apprendre \u00e0 skier ou \u00e0 faire du snowboard, ou \u00e0 am\u00e9liorer vos comp\u00e9tences. Nos professeurs de sports de neige professionnels proposent des cours en groupe ou des cours particuliers pour tous les [&hellip;]<\/p>\n","protected":false},"author":1,"featured_media":0,"parent":0,"menu_order":0,"comment_status":"closed","ping_status":"closed","template":"","meta":{"inline_featured_image":false,"_uag_custom_page_level_css":"","footnotes":""},"class_list":["post-1267","page","type-page","status-publish","hentry"],"uagb_featured_image_src":{"full":false,"thumbnail":false,"medium":false,"medium_large":false,"large":false,"1536x1536":false,"2048x2048":false,"woocommerce_thumbnail":false,"woocommerce_single":false,"woocommerce_gallery_thumbnail":false},"uagb_author_info":{"display_name":"admin","author_link":"https:\/\/www.xn--schneesport-grchen-ytb.ch\/fr\/author\/adminischzenspo\/"},"uagb_comment_info":0,"uagb_excerpt":"\u00c9cole de ski et de snowboard \u00e0 Gr\u00e4chen Bienvenue \u00e0 l'\u00e9cole de ski et de snowboard de Gr\u00e4chen, o\u00f9 nous vous aidons \u00e0 apprendre \u00e0 skier ou \u00e0 faire du snowboard, ou \u00e0 am\u00e9liorer vos comp\u00e9tences. Nos professeurs de sports de neige professionnels proposent des cours en groupe ou des cours particuliers pour tous les\u2026","_links":{"self":[{"href":"https:\/\/www.xn--schneesport-grchen-ytb.ch\/fr\/wp-json\/wp\/v2\/pages\/1267","targetHints":{"allow":["GET"]}}],"collection":[{"href":"https:\/\/www.xn--schneesport-grchen-ytb.ch\/fr\/wp-json\/wp\/v2\/pages"}],"about":[{"href":"https:\/\/www.xn--schneesport-grchen-ytb.ch\/fr\/wp-json\/wp\/v2\/types\/page"}],"author":[{"embeddable":true,"href":"https:\/\/www.xn--schneesport-grchen-ytb.ch\/fr\/wp-json\/wp\/v2\/users\/1"}],"replies":[{"embeddable":true,"href":"https:\/\/www.xn--schneesport-grchen-ytb.ch\/fr\/wp-json\/wp\/v2\/comments?post=1267"}],"version-history":[{"count":18,"href":"https:\/\/www.xn--schneesport-grchen-ytb.ch\/fr\/wp-json\/wp\/v2\/pages\/1267\/revisions"}],"predecessor-version":[{"id":5210,"href":"https:\/\/www.xn--schneesport-grchen-ytb.ch\/fr\/wp-json\/wp\/v2\/pages\/1267\/revisions\/5210"}],"wp:attachment":[{"href":"https:\/\/www.xn--schneesport-grchen-ytb.ch\/fr\/wp-json\/wp\/v2\/media?parent=1267"}],"curies":[{"name":"wp","href":"https:\/\/api.w.org\/{rel}","templated":true}]}}